{"id":1028,"date":"2022-09-18T07:02:58","date_gmt":"2022-09-18T05:02:58","guid":{"rendered":"https:\/\/matthias.czorny.eu\/digx\/?page_id=1028"},"modified":"2023-07-22T14:01:46","modified_gmt":"2023-07-22T12:01:46","slug":"impressum","status":"publish","type":"page","link":"https:\/\/matthias.czorny.eu\/sunbreakerz\/impressum\/","title":{"rendered":"Impressum"},"content":{"rendered":"<div id=\"pl-1028\"  class=\"panel-layout\" ><div id=\"pg-1028-0\"  class=\"panel-grid panel-has-style\" ><div class=\"lsow-row siteorigin-panels-stretch panel-row-style panel-row-style-for-1028-0\" data-stretch-type=\"full\" ><div id=\"pgc-1028-0-0\"  class=\"panel-grid-cell\" ><div id=\"panel-1028-0-0-0\" class=\"so-panel widget widget_siteorigin-panels-builder panel-first-child extendedwopts-hide extendedwopts-tablet extendedwopts-mobile widgetopts-SO\" data-index=\"0\" ><div class=\"panel-widget-style panel-widget-style-for-1028-0-0-0\" ><div id=\"pl-w64bbb577e7b7c\"  class=\"panel-layout\" ><div id=\"pg-w64bbb577e7b7c-0\"  class=\"panel-grid panel-no-style\" ><div id=\"pgc-w64bbb577e7b7c-0-0\"  class=\"panel-grid-cell\" ><div id=\"panel-w64bbb577e7b7c-0-0-0\" class=\"so-panel widget widget_sow-editor panel-first-child panel-last-child widgetopts-SO\" data-index=\"0\" ><div class=\"aos-init panel-widget-style panel-widget-style-for-w64bbb577e7b7c-0-0-0\" data-aos=\"zoom-in\" data-aos-duration=\"300\" data-aos-easing=\"linear\" data-aos-delay=\"300\" data-aos-anchor-placement=\"top-bottom\" data-aos-once=\"true\" ><div\n\t\t\t\n\t\t\tclass=\"so-widget-sow-editor so-widget-sow-editor-base\"\n\t\t\t\n\t\t>\n<div class=\"siteorigin-widget-tinymce textwidget\">\n\t<p><img loading=\"lazy\" decoding=\"async\" class=\"alignnone wp-image-2329 size-full\" src=\"https:\/\/matthias.czorny.eu\/sunbreakerz\/wp-content\/uploads\/sites\/9\/2023\/07\/logo-300x58-1.png\" alt=\"Logo\" width=\"300\" height=\"58\" srcset=\"https:\/\/matthias.czorny.eu\/sunbreakerz\/wp-content\/uploads\/sites\/9\/2023\/07\/logo-300x58-1.png 300w, https:\/\/matthias.czorny.eu\/sunbreakerz\/wp-content\/uploads\/sites\/9\/2023\/07\/logo-300x58-1-200x38.png 200w, https:\/\/matthias.czorny.eu\/sunbreakerz\/wp-content\/uploads\/sites\/9\/2023\/07\/logo-300x58-1-100x19.png 100w, https:\/\/matthias.czorny.eu\/sunbreakerz\/wp-content\/uploads\/sites\/9\/2023\/07\/logo-300x58-1-150x29.png 150w\" sizes=\"auto, (max-width: 300px) 100vw, 300px\" \/><\/p>\n<p><strong>SUNBREAKERZ music entertainment<br \/>\n<\/strong><\/p>\n<div><\/div>\n<p><strong>Matthias Czorny<\/strong><br \/>\nPrivatperson<br \/>\nAmselweg 24<br \/>\n85653 Aying<\/p>\n<p>Telefon: +49 (0)8095.8732941<br \/>\nE-Mail: <a title=\"mail@czorny.eu\" href=\"mailto:mail@czorny.eu\"><span id=\"eeb-882910-44643\">mail@czorny.eu<\/span><\/a><\/p>\n<p>&nbsp;<\/p>\n<p><strong>HINWEIS<\/strong><\/p>\n<p>Diese Webseite ist eine Unterseite von CZORNY.EU (<a title=\"https:\/\/www.czorny.eu\" href=\"https:\/\/www.czorny.eu\" target=\"_blank\" rel=\"noopener\">https:\/\/www.czorny.eu<\/a>).<\/p>\n<p>&nbsp;<\/p>\n<p><strong>DATENSCHUTZERKL\u00c4RUNG<\/strong><br \/>\n<a title=\"https:\/\/www.czorny.eu\/datenschutz\/\" href=\"https:\/\/www.czorny.eu\/datenschutz\/\" target=\"_blank\" rel=\"noopener\">https:\/\/www.czorny.eu\/datenschutz\/<\/a><\/p>\n<\/div>\n<\/div><\/div><\/div><\/div><div id=\"pgc-w64bbb577e7b7c-0-1\"  class=\"panel-grid-cell\" ><div id=\"panel-w64bbb577e7b7c-0-1-0\" class=\"so-panel widget widget_sow-editor panel-first-child panel-last-child widgetopts-SO\" data-index=\"1\" ><div class=\"aos-init panel-widget-style panel-widget-style-for-w64bbb577e7b7c-0-1-0\" data-aos=\"zoom-in\" data-aos-duration=\"300\" data-aos-easing=\"linear\" data-aos-delay=\"300\" data-aos-anchor-placement=\"top-bottom\" data-aos-once=\"true\" ><div\n\t\t\t\n\t\t\tclass=\"so-widget-sow-editor so-widget-sow-editor-base\"\n\t\t\t\n\t\t>\n<div class=\"siteorigin-widget-tinymce textwidget\">\n\t<p><strong>HAFTUNGS- UND SCHUTZRECHTSHINWEISE<\/strong><\/p>\n<p>Die Inhalte dieses Onlineangebotes wurden sorgf\u00e4ltig und nach unserem aktuellen Kenntnisstand erstellt, dienen jedoch nur der Information und entfalten keine rechtlich bindende Wirkung, sofern es sich nicht um gesetzlich verpflichtende Informationen (z.B. das Impressum, die Datenschutzerkl\u00e4rung, AGB oder verpflichtende Belehrungen von Verbrauchern) handelt. Wir behalten uns vor, die Inhalte vollst\u00e4ndig oder teilweise zu \u00e4ndern oder zu l\u00f6schen, soweit vertragliche Verpflichtungen unber\u00fchrt bleiben. Alle Angebote sind freibleibend und unverbindlich.<\/p>\n<p>Die Inhalte fremder Webseiten, auf die wir direkt oder indirekt verweisen, liegen au\u00dferhalb unseres Verantwortungsbereiches und wir machen sie uns nicht zu Eigen. F\u00fcr alle Inhalte und Nachteile, die aus der Nutzung der in den verlinkten Webseiten aufrufbaren Informationen entstehen, \u00fcbernehmen wir keine Verantwortung.<\/p>\n<p>Alle auf dieser Website dargestellten Inhalte, wie Texte, Fotografien, Grafiken, Marken und Warenzeichen sind durch die jeweiligen Schutzrechte (Urheberrechte, Markenrechte) gesch\u00fctzt. Die Verwendung, Vervielf\u00e4ltigung usw. unterliegen unseren Rechten oder den Rechten der jeweiligen Urheber bzw. Rechteinhaber.<\/p>\n<p>Sollten Sie innerhalb unseres Internetauftritts Rechtsverst\u00f6\u00dfe bemerken, bitten wir Sie uns auf diese hinzuweisen. Wir werden rechtswidrige Inhalte und Links nach Kenntnisnahme unverz\u00fcglich entfernen.<\/p>\n<p>&nbsp;<\/p>\n<p><strong>ANGABEN ZUM UNTERNEMEN<\/strong><\/p>\n<p>Private Webseite, keine Angaben notwendig!<\/p>\n<p>&nbsp;<\/p>\n<p><strong>ONLINE-STREITBEILEGUNG (OS)<\/strong><\/p>\n<p>Die Europ\u00e4ische Kommission stellt eine Plattform zur Online-Streitbeilegung (OS) bereit, die Sie unter https:\/\/ec.europa.eu\/consumers\/odr\/ finden. Verbraucher haben die M\u00f6glichkeit, diese Plattform f\u00fcr die Beilegung ihrer Streitigkeiten zu nutzen.<\/p>\n<\/div>\n<\/div><\/div><\/div><\/div><\/div><\/div><\/div><\/div><div id=\"panel-1028-0-0-1\" class=\"so-panel widget widget_siteorigin-panels-builder panel-last-child extendedwopts-hide extendedwopts-desktop widgetopts-SO\" data-index=\"1\" ><div class=\"panel-widget-style panel-widget-style-for-1028-0-0-1\" ><div id=\"pl-w64bbb577eb1a9\"  class=\"panel-layout\" ><div id=\"pg-w64bbb577eb1a9-0\"  class=\"panel-grid panel-no-style\" ><div id=\"pgc-w64bbb577eb1a9-0-0\"  class=\"panel-grid-cell\" ><div id=\"panel-w64bbb577eb1a9-0-0-0\" class=\"so-panel widget widget_sow-editor panel-first-child widgetopts-SO\" data-index=\"0\" ><div class=\"aos-init panel-widget-style panel-widget-style-for-w64bbb577eb1a9-0-0-0\" data-aos=\"zoom-in\" data-aos-duration=\"300\" data-aos-easing=\"linear\" data-aos-delay=\"300\" data-aos-anchor-placement=\"top-bottom\" data-aos-once=\"true\" ><div\n\t\t\t\n\t\t\tclass=\"so-widget-sow-editor so-widget-sow-editor-base\"\n\t\t\t\n\t\t>\n<div class=\"siteorigin-widget-tinymce textwidget\">\n\t<p><img loading=\"lazy\" decoding=\"async\" class=\"alignnone wp-image-2329 size-full\" src=\"https:\/\/matthias.czorny.eu\/sunbreakerz\/wp-content\/uploads\/sites\/9\/2023\/07\/logo-300x58-1.png\" alt=\"Logo\" width=\"300\" height=\"58\" srcset=\"https:\/\/matthias.czorny.eu\/sunbreakerz\/wp-content\/uploads\/sites\/9\/2023\/07\/logo-300x58-1.png 300w, https:\/\/matthias.czorny.eu\/sunbreakerz\/wp-content\/uploads\/sites\/9\/2023\/07\/logo-300x58-1-200x38.png 200w, https:\/\/matthias.czorny.eu\/sunbreakerz\/wp-content\/uploads\/sites\/9\/2023\/07\/logo-300x58-1-100x19.png 100w, https:\/\/matthias.czorny.eu\/sunbreakerz\/wp-content\/uploads\/sites\/9\/2023\/07\/logo-300x58-1-150x29.png 150w\" sizes=\"auto, (max-width: 300px) 100vw, 300px\" \/><\/p>\n<p><strong>SUNBREAKERZ music entertainment<br \/>\n<\/strong><\/p>\n<div><\/div>\n<p><strong>Matthias Czorny<\/strong><br \/>\nPrivatperson<br \/>\nAmselweg 24<br \/>\n85653 Aying<\/p>\n<p>Telefon: +49 (0)8095.8732941<br \/>\nE-Mail: <a title=\"mail@czorny.eu\" href=\"mailto:mail@czorny.eu\"><span id=\"eeb-882910-44643\">mail@czorny.eu<\/span><\/a><\/p>\n<p>&nbsp;<\/p>\n<p><strong>HINWEIS<\/strong><\/p>\n<p>Diese Webseite ist eine Unterseite von CZORNY.EU (<a title=\"https:\/\/www.czorny.eu\" href=\"https:\/\/www.czorny.eu\" target=\"_blank\" rel=\"noopener\">https:\/\/www.czorny.eu<\/a>).<\/p>\n<p>&nbsp;<\/p>\n<p><strong>DATENSCHUTZERKL\u00c4RUNG<\/strong><br \/>\n<a title=\"https:\/\/www.czorny.eu\/datenschutz\/\" href=\"https:\/\/www.czorny.eu\/datenschutz\/\" target=\"_blank\" rel=\"noopener\">https:\/\/www.czorny.eu\/datenschutz\/<\/a><\/p>\n<\/div>\n<\/div><\/div><\/div><div id=\"panel-w64bbb577eb1a9-0-0-1\" class=\"so-panel widget widget_sow-editor panel-last-child extendedwopts-hide extendedwopts-desktop widgetopts-SO\" data-index=\"1\" ><div class=\"aos-init panel-widget-style panel-widget-style-for-w64bbb577eb1a9-0-0-1\" data-aos=\"zoom-in\" data-aos-duration=\"300\" data-aos-easing=\"linear\" data-aos-delay=\"300\" data-aos-anchor-placement=\"top-bottom\" data-aos-once=\"true\" ><div\n\t\t\t\n\t\t\tclass=\"so-widget-sow-editor so-widget-sow-editor-base\"\n\t\t\t\n\t\t>\n<div class=\"siteorigin-widget-tinymce textwidget\">\n\t<p><strong>HAFTUNGS- UND SCHUTZRECHTSHINWEISE<\/strong><\/p>\n<p>Die Inhalte dieses Onlineangebotes wurden sorgf\u00e4ltig und nach unserem aktuellen Kenntnisstand erstellt, dienen jedoch nur der Information und entfalten keine rechtlich bindende Wirkung, sofern es sich nicht um gesetzlich verpflichtende Informationen (z.B. das Impressum, die Datenschutzerkl\u00e4rung, AGB oder verpflichtende Belehrungen von Verbrauchern) handelt. Wir behalten uns vor, die Inhalte vollst\u00e4ndig oder teilweise zu \u00e4ndern oder zu l\u00f6schen, soweit vertragliche Verpflichtungen unber\u00fchrt bleiben. Alle Angebote sind freibleibend und unverbindlich.<\/p>\n<p>Die Inhalte fremder Webseiten, auf die wir direkt oder indirekt verweisen, liegen au\u00dferhalb unseres Verantwortungsbereiches und wir machen sie uns nicht zu Eigen. F\u00fcr alle Inhalte und Nachteile, die aus der Nutzung der in den verlinkten Webseiten aufrufbaren Informationen entstehen, \u00fcbernehmen wir keine Verantwortung.<\/p>\n<p>Alle auf dieser Website dargestellten Inhalte, wie Texte, Fotografien, Grafiken, Marken und Warenzeichen sind durch die jeweiligen Schutzrechte (Urheberrechte, Markenrechte) gesch\u00fctzt. Die Verwendung, Vervielf\u00e4ltigung usw. unterliegen unseren Rechten oder den Rechten der jeweiligen Urheber bzw. Rechteinhaber.<\/p>\n<p>Sollten Sie innerhalb unseres Internetauftritts Rechtsverst\u00f6\u00dfe bemerken, bitten wir Sie uns auf diese hinzuweisen. Wir werden rechtswidrige Inhalte und Links nach Kenntnisnahme unverz\u00fcglich entfernen.<\/p>\n<p>&nbsp;<\/p>\n<p><strong>ANGABEN ZUM UNTERNEMEN<\/strong><\/p>\n<p>Private Webseite, keine Angaben notwendig!<\/p>\n<p>&nbsp;<\/p>\n<p><strong>ONLINE-STREITBEILEGUNG (OS)<\/strong><\/p>\n<p>Die Europ\u00e4ische Kommission stellt eine Plattform zur Online-Streitbeilegung (OS) bereit, die Sie unter https:\/\/ec.europa.eu\/consumers\/odr\/ finden. Verbraucher haben die M\u00f6glichkeit, diese Plattform f\u00fcr die Beilegung ihrer Streitigkeiten zu nutzen.<\/p>\n<\/div>\n<\/div><\/div><\/div><\/div><\/div><\/div><\/div><\/div><\/div><\/div><\/div><div id=\"pg-1028-1\"  class=\"panel-grid panel-has-style\" ><div class=\"lsow-row siteorigin-panels-stretch panel-row-style panel-row-style-for-1028-1\" data-stretch-type=\"full\" ><div id=\"pgc-1028-1-0\"  class=\"panel-grid-cell\" ><div id=\"panel-1028-1-0-0\" class=\"so-panel widget widget_siteorigin-panels-builder panel-first-child extendedwopts-hide extendedwopts-tablet extendedwopts-mobile widgetopts-SO\" data-index=\"2\" ><div class=\"panel-widget-style panel-widget-style-for-1028-1-0-0\" ><div id=\"pl-w64bbc52a3b720\"  class=\"panel-layout\" ><div id=\"pg-w64bbc52a3b720-0\"  class=\"panel-grid panel-has-style\" ><div class=\"panel-row-style panel-row-style-for-w64bbc52a3b720-0\" ><div id=\"pgc-w64bbc52a3b720-0-0\"  class=\"panel-grid-cell\" ><div id=\"panel-w64bbc52a3b720-0-0-0\" class=\"so-panel widget widget_sow-editor panel-first-child panel-last-child widgetopts-SO\" data-index=\"0\" ><div\n\t\t\t\n\t\t\tclass=\"so-widget-sow-editor so-widget-sow-editor-base\"\n\t\t\t\n\t\t><h3 class=\"widget-title\">HINWEIS<\/h3>\n<div class=\"siteorigin-widget-tinymce textwidget\">\n\t<p><span style=\"color: #ffffff;\">Diese Webseite wird Privat gef\u00fchrt, verfolgt keine wirtschaftlichen Interessen.<\/span><\/p>\n<\/div>\n<\/div><\/div><\/div><div id=\"pgc-w64bbc52a3b720-0-1\"  class=\"panel-grid-cell\" ><div id=\"panel-w64bbc52a3b720-0-1-0\" class=\"so-panel widget widget_sow-social-media-buttons panel-first-child panel-last-child widgetopts-SO\" data-index=\"1\" ><div\n\t\t\t\n\t\t\tclass=\"so-widget-sow-social-media-buttons so-widget-sow-social-media-buttons-flat-4db362fbcb94\"\n\t\t\t\n\t\t>\n<h3 class=\"widget-title\">SOCIAL MEDIA<\/h3>\n<div class=\"social-media-button-container\">\n\t\n\t\t<a class=\"ow-button-hover sow-social-media-button-facebook-0 sow-social-media-button\" title=\"SUNBREAKERZ music entertainment on Facebook\" aria-label=\"SUNBREAKERZ music entertainment on Facebook\" target=\"_blank\" rel=\"noopener noreferrer\" href=\"https:\/\/www.facebook.com\/matthias.czorny\">\n\t\t\t<span>\n\t\t\t\t\t\t\t\t<span class=\"sow-icon-fontawesome sow-fab\" data-sow-icon=\"&#xf39e;\"\n\t\t \n\t\taria-hidden=\"true\"><\/span>\t\t\t\t\t\t\t<\/span>\n\t\t<\/a>\n\t\n\t\t<a class=\"ow-button-hover sow-social-media-button-instagram-0 sow-social-media-button\" title=\"SUNBREAKERZ music entertainment on Instagram\" aria-label=\"SUNBREAKERZ music entertainment on Instagram\" target=\"_blank\" rel=\"noopener noreferrer\" href=\"https:\/\/www.instagram.com\/czorny.matthias\/\">\n\t\t\t<span>\n\t\t\t\t\t\t\t\t<span class=\"sow-icon-fontawesome sow-fab\" data-sow-icon=\"&#xf16d;\"\n\t\t \n\t\taria-hidden=\"true\"><\/span>\t\t\t\t\t\t\t<\/span>\n\t\t<\/a>\n\t\n\t\t<a class=\"ow-button-hover sow-social-media-button-linkedin-0 sow-social-media-button\" title=\"SUNBREAKERZ music entertainment on Linkedin\" aria-label=\"SUNBREAKERZ music entertainment on Linkedin\" target=\"_blank\" rel=\"noopener noreferrer\" href=\"https:\/\/www.linkedin.com\/in\/matthias-czorny-b92a10163\">\n\t\t\t<span>\n\t\t\t\t\t\t\t\t<span class=\"sow-icon-fontawesome sow-fab\" data-sow-icon=\"&#xf0e1;\"\n\t\t \n\t\taria-hidden=\"true\"><\/span>\t\t\t\t\t\t\t<\/span>\n\t\t<\/a>\n\t<\/div>\n<\/div><\/div><\/div><div id=\"pgc-w64bbc52a3b720-0-2\"  class=\"panel-grid-cell\" ><div id=\"panel-w64bbc52a3b720-0-2-0\" class=\"so-panel widget widget_sow-editor panel-first-child panel-last-child widgetopts-SO\" data-index=\"2\" ><div\n\t\t\t\n\t\t\tclass=\"so-widget-sow-editor so-widget-sow-editor-base\"\n\t\t\t\n\t\t><h3 class=\"widget-title\">KONTAKT<\/h3>\n<div class=\"siteorigin-widget-tinymce textwidget\">\n\t<p><span style=\"color: #ffffff;\"><strong>SUNBREAKERZ music entertainment<br \/>\n<\/strong><\/span><span style=\"color: #ffffff;\">Matthias Czorny<\/span><br \/>\n<span style=\"color: #ffffff;\">85653 Aying<\/span><\/p>\n<p><span style=\"color: #ffffff;\">Telefon: +49 (0)8095.8732941<\/span><br \/>\n<span style=\"color: #ffffff;\">E-Mail: <a style=\"color: #ffffff;\" title=\"mail@czorny.eu\" href=\"mailto:mail@czorny.eu\">mail@czorny.eu<\/a><\/span><\/p>\n<\/div>\n<\/div><\/div><\/div><\/div><\/div><\/div><\/div><\/div><div id=\"panel-1028-1-0-1\" class=\"so-panel widget widget_siteorigin-panels-builder panel-last-child extendedwopts-hide extendedwopts-desktop widgetopts-SO\" data-index=\"3\" ><div class=\"panel-widget-style panel-widget-style-for-1028-1-0-1\" ><div id=\"pl-w64bbc52a3fc38\"  class=\"panel-layout\" ><div id=\"pg-w64bbc52a3fc38-0\"  class=\"panel-grid panel-has-style\" ><div class=\"panel-row-style panel-row-style-for-w64bbc52a3fc38-0\" ><div id=\"pgc-w64bbc52a3fc38-0-0\"  class=\"panel-grid-cell\" ><div id=\"panel-w64bbc52a3fc38-0-0-0\" class=\"so-panel widget widget_sow-editor panel-first-child widgetopts-SO\" data-index=\"0\" ><div\n\t\t\t\n\t\t\tclass=\"so-widget-sow-editor so-widget-sow-editor-base\"\n\t\t\t\n\t\t><h3 class=\"widget-title\">HINWEIS<\/h3>\n<div class=\"siteorigin-widget-tinymce textwidget\">\n\t<p><span style=\"color: #ffffff;\">Diese Webseite wird Privat gef\u00fchrt, verfolgt keine wirtschaftlichen Interessen.<\/span><\/p>\n<\/div>\n<\/div><\/div><div id=\"panel-w64bbc52a3fc38-0-0-1\" class=\"so-panel widget widget_sow-social-media-buttons widgetopts-SO\" data-index=\"1\" ><div\n\t\t\t\n\t\t\tclass=\"so-widget-sow-social-media-buttons so-widget-sow-social-media-buttons-flat-4db362fbcb94\"\n\t\t\t\n\t\t>\n<h3 class=\"widget-title\">SOCIAL MEDIA<\/h3>\n<div class=\"social-media-button-container\">\n\t\n\t\t<a class=\"ow-button-hover sow-social-media-button-facebook-0 sow-social-media-button\" title=\"SUNBREAKERZ music entertainment on Facebook\" aria-label=\"SUNBREAKERZ music entertainment on Facebook\" target=\"_blank\" rel=\"noopener noreferrer\" href=\"https:\/\/www.facebook.com\/matthias.czorny\">\n\t\t\t<span>\n\t\t\t\t\t\t\t\t<span class=\"sow-icon-fontawesome sow-fab\" data-sow-icon=\"&#xf39e;\"\n\t\t \n\t\taria-hidden=\"true\"><\/span>\t\t\t\t\t\t\t<\/span>\n\t\t<\/a>\n\t\n\t\t<a class=\"ow-button-hover sow-social-media-button-instagram-0 sow-social-media-button\" title=\"SUNBREAKERZ music entertainment on Instagram\" aria-label=\"SUNBREAKERZ music entertainment on Instagram\" target=\"_blank\" rel=\"noopener noreferrer\" href=\"https:\/\/www.instagram.com\/czorny.matthias\/\">\n\t\t\t<span>\n\t\t\t\t\t\t\t\t<span class=\"sow-icon-fontawesome sow-fab\" data-sow-icon=\"&#xf16d;\"\n\t\t \n\t\taria-hidden=\"true\"><\/span>\t\t\t\t\t\t\t<\/span>\n\t\t<\/a>\n\t\n\t\t<a class=\"ow-button-hover sow-social-media-button-linkedin-0 sow-social-media-button\" title=\"SUNBREAKERZ music entertainment on Linkedin\" aria-label=\"SUNBREAKERZ music entertainment on Linkedin\" target=\"_blank\" rel=\"noopener noreferrer\" href=\"https:\/\/www.linkedin.com\/in\/matthias-czorny-b92a10163\">\n\t\t\t<span>\n\t\t\t\t\t\t\t\t<span class=\"sow-icon-fontawesome sow-fab\" data-sow-icon=\"&#xf0e1;\"\n\t\t \n\t\taria-hidden=\"true\"><\/span>\t\t\t\t\t\t\t<\/span>\n\t\t<\/a>\n\t<\/div>\n<\/div><\/div><div id=\"panel-w64bbc52a3fc38-0-0-2\" class=\"so-panel widget widget_sow-editor panel-last-child widgetopts-SO\" data-index=\"2\" ><div\n\t\t\t\n\t\t\tclass=\"so-widget-sow-editor so-widget-sow-editor-base\"\n\t\t\t\n\t\t><h3 class=\"widget-title\">KONTAKT<\/h3>\n<div class=\"siteorigin-widget-tinymce textwidget\">\n\t<p><span style=\"color: #ffffff;\"><strong>SUNBREAKERZ music entertainment<br \/>\n<\/strong><\/span><span style=\"color: #ffffff;\">Matthias Czorny<\/span><br \/>\n<span style=\"color: #ffffff;\">85653 Aying<\/span><\/p>\n<p><span style=\"color: #ffffff;\">Telefon: +49 (0)8095.8732941<\/span><br \/>\n<span style=\"color: #ffffff;\">E-Mail:<\/span> <a title=\"mail@czorny.eu\" href=\"mailto:mail@czorny.eu\">mail@czorny.eu<\/a><\/p>\n<\/div>\n<\/div><\/div><\/div><\/div><\/div><\/div><\/div><\/div><\/div><\/div><\/div><\/div>","protected":false},"excerpt":{"rendered":"<p>SUNBREAKERZ music entertainment Matthias Czorny Privatperson Amselweg 24 85653 Aying Telefon: +49 (0)8095.8732941 E-Mail: mail@czorny.eu &nbsp; HINWEIS Diese Webseite ist eine Unterseite von CZORNY.EU (https:\/\/www.czorny.eu). &nbsp; DATENSCHUTZERKL\u00c4RUNG https:\/\/www.czorny.eu\/datenschutz\/ HAFTUNGS- UND SCHUTZRECHTSHINWEISE Die Inhalte dieses Onlineangebotes wurden sorgf\u00e4ltig und nach unserem &hellip; <a class=\"kt-excerpt-readmore more-link\" href=\"https:\/\/matthias.czorny.eu\/sunbreakerz\/impressum\/\">Read More<\/a><\/p>\n","protected":false},"author":1,"featured_media":0,"parent":0,"menu_order":0,"comment_status":"closed","ping_status":"closed","template":"","meta":{"kt_blocks_editor_width":"","footnotes":""},"class_list":["post-1028","page","type-page","status-publish","hentry"],"_links":{"self":[{"href":"https:\/\/matthias.czorny.eu\/sunbreakerz\/wp-json\/wp\/v2\/pages\/1028","targetHints":{"allow":["GET"]}}],"collection":[{"href":"https:\/\/matthias.czorny.eu\/sunbreakerz\/wp-json\/wp\/v2\/pages"}],"about":[{"href":"https:\/\/matthias.czorny.eu\/sunbreakerz\/wp-json\/wp\/v2\/types\/page"}],"author":[{"embeddable":true,"href":"https:\/\/matthias.czorny.eu\/sunbreakerz\/wp-json\/wp\/v2\/users\/1"}],"replies":[{"embeddable":true,"href":"https:\/\/matthias.czorny.eu\/sunbreakerz\/wp-json\/wp\/v2\/comments?post=1028"}],"version-history":[{"count":125,"href":"https:\/\/matthias.czorny.eu\/sunbreakerz\/wp-json\/wp\/v2\/pages\/1028\/revisions"}],"predecessor-version":[{"id":2414,"href":"https:\/\/matthias.czorny.eu\/sunbreakerz\/wp-json\/wp\/v2\/pages\/1028\/revisions\/2414"}],"wp:attachment":[{"href":"https:\/\/matthias.czorny.eu\/sunbreakerz\/wp-json\/wp\/v2\/media?parent=1028"}],"curies":[{"name":"wp","href":"https:\/\/api.w.org\/{rel}","templated":true}]}}